{"id":7926,"date":"2024-03-05T17:32:42","date_gmt":"2024-03-05T15:32:42","guid":{"rendered":"https:\/\/www.corteparma.it\/fromage\/"},"modified":"2024-11-22T13:23:11","modified_gmt":"2024-11-22T11:23:11","slug":"fromage","status":"publish","type":"page","link":"https:\/\/www.corteparma.it\/fr\/fromage\/","title":{"rendered":"Fromage"},"content":{"rendered":"\t\t<div data-elementor-type=\"wp-page\" data-elementor-id=\"7926\" class=\"elementor elementor-7926\" data-elementor-post-type=\"page\">\n\t\t\t\t\t\t<section class=\"elementor-section elementor-top-section elementor-element elementor-element-ff7daba elementor-section-height-min-height elementor-section-stretched elementor-section-content-middle elementor-section-boxed elementor-section-height-default elementor-section-items-middle elementor-invisible\" data-id=\"ff7daba\" data-element_type=\"section\" data-e-type=\"section\" data-settings=\"{&quot;stretch_section&quot;:&quot;section-stretched&quot;,&quot;background_background&quot;:&quot;classic&quot;,&quot;animation&quot;:&quot;fadeIn&quot;,&quot;animation_delay&quot;:150}\">\n\t\t\t\t\t\t\t<div class=\"elementor-background-overlay\"><\/div>\n\t\t\t\t\t\t\t<div class=\"elementor-container elementor-column-gap-default\">\n\t\t\t\t\t<div class=\"elementor-column elementor-col-100 elementor-top-column elementor-element elementor-element-626430f\" data-id=\"626430f\" data-element_type=\"column\" data-e-type=\"column\">\n\t\t\t<div class=\"elementor-widget-wrap elementor-element-populated\">\n\t\t\t\t\t\t<div class=\"elementor-element elementor-element-cc26b55 elementor-widget__width-initial elementor-widget elementor-widget-text-editor\" data-id=\"cc26b55\" data-element_type=\"widget\" data-e-type=\"widget\" data-widget_type=\"text-editor.default\">\n\t\t\t\t<div class=\"elementor-widget-container\">\n\t\t\t\t\t\t\t\t\t<p>Fromage CORTE PARMA<\/p>\n\t\t\t\t\t\t\t\t<\/div>\n\t\t\t\t<\/div>\n\t\t\t\t\t<\/div>\n\t\t<\/div>\n\t\t\t\t\t<\/div>\n\t\t<\/section>\n\t\t\t\t<section class=\"elementor-section elementor-top-section elementor-element elementor-element-cf64077 elementor-section-content-middle elementor-section-boxed elementor-section-height-default elementor-section-height-default\" data-id=\"cf64077\" data-element_type=\"section\" data-e-type=\"section\">\n\t\t\t\t\t\t<div class=\"elementor-container elementor-column-gap-default\">\n\t\t\t\t\t<div class=\"elementor-column elementor-col-100 elementor-top-column elementor-element elementor-element-9e17950\" data-id=\"9e17950\" data-element_type=\"column\" data-e-type=\"column\">\n\t\t\t<div class=\"elementor-widget-wrap elementor-element-populated\">\n\t\t\t\t\t\t<div class=\"elementor-element elementor-element-8ba8e96 elementor-widget__width-initial elementor-widget elementor-widget-text-editor\" data-id=\"8ba8e96\" data-element_type=\"widget\" data-e-type=\"widget\" data-widget_type=\"text-editor.default\">\n\t\t\t\t<div class=\"elementor-widget-container\">\n\t\t\t\t\t\t\t\t\t<p><strong>Les fromages<\/strong> ne peuvent jamais manquer dans le r\u00e9frig\u00e9rateur des Italiens : <strong>polyvalents et savoureux<\/strong>, ils repr\u00e9sentent un monde de go\u00fbts, d&rsquo;odeurs, de textures et de formes diff\u00e9rents, un v\u00e9ritable univers dans lequel il est souvent difficile de choisir celui que l&rsquo;on pr\u00e9f\u00e8re. <strong>Nous avons s\u00e9lectionn\u00e9 les meilleurs fromages de la tradition gastronomique italienne et europ\u00e9enne<\/strong>, id\u00e9aux pour enrichir les sandwichs et les salades, mais aussi les entr\u00e9es et les plats.<\/p>\n<p><strong>70 g &#8211; 90 g<\/strong><\/p>\n\t\t\t\t\t\t\t\t<\/div>\n\t\t\t\t<\/div>\n\t\t\t\t\t<\/div>\n\t\t<\/div>\n\t\t\t\t\t<\/div>\n\t\t<\/section>\n\t\t\t\t<section class=\"elementor-section elementor-top-section elementor-element elementor-element-afba58d elementor-section-stretched elementor-section-boxed elementor-section-height-default elementor-section-height-default\" data-id=\"afba58d\" data-element_type=\"section\" data-e-type=\"section\" data-settings=\"{&quot;stretch_section&quot;:&quot;section-stretched&quot;,&quot;background_background&quot;:&quot;classic&quot;}\">\n\t\t\t\t\t\t<div class=\"elementor-container elementor-column-gap-default\">\n\t\t\t\t\t<div class=\"elementor-column elementor-col-25 elementor-top-column elementor-element elementor-element-ba6c8f6\" data-id=\"ba6c8f6\" data-element_type=\"column\" data-e-type=\"column\" data-settings=\"{&quot;background_background&quot;:&quot;classic&quot;}\">\n\t\t\t<div class=\"elementor-widget-wrap elementor-element-populated\">\n\t\t\t\t\t<div class=\"elementor-background-overlay\"><\/div>\n\t\t\t\t\t\t<div class=\"elementor-element elementor-element-a25717c elementor-widget elementor-widget-image\" data-id=\"a25717c\" data-element_type=\"widget\" data-e-type=\"widget\" data-widget_type=\"image.default\">\n\t\t\t\t<div class=\"elementor-widget-container\">\n\t\t\t\t\t\t\t\t\t\t\t\t\t\t\t\t<a href=\"#elementor-action%3Aaction%3Dpopup%3Aopen%26settings%3DeyJpZCI6IjcxOTYiLCJ0b2dnbGUiOmZhbHNlfQ%3D%3D\">\n\t\t\t\t\t\t\t<img fetchpriority=\"high\" decoding=\"async\" width=\"403\" height=\"429\" src=\"https:\/\/www.corteparma.it\/wp-content\/uploads\/2024\/03\/immagine-scamorza-affumicata-corte-parma.png\" class=\"attachment-large size-large wp-image-5771\" alt=\"\" srcset=\"https:\/\/www.corteparma.it\/wp-content\/uploads\/2024\/03\/immagine-scamorza-affumicata-corte-parma.png 403w, https:\/\/www.corteparma.it\/wp-content\/uploads\/2024\/03\/immagine-scamorza-affumicata-corte-parma-282x300.png 282w\" sizes=\"(max-width: 403px) 100vw, 403px\" \/>\t\t\t\t\t\t\t\t<\/a>\n\t\t\t\t\t\t\t\t\t\t\t\t\t\t\t<\/div>\n\t\t\t\t<\/div>\n\t\t\t\t<div class=\"elementor-element elementor-element-dfdf836 elementor-align-center elementor-widget-tablet__width-initial elementor-widget-mobile__width-initial elementor-widget elementor-widget-button\" data-id=\"dfdf836\" data-element_type=\"widget\" data-e-type=\"widget\" data-widget_type=\"button.default\">\n\t\t\t\t<div class=\"elementor-widget-container\">\n\t\t\t\t\t\t\t\t\t<div class=\"elementor-button-wrapper\">\n\t\t\t\t\t<a class=\"elementor-button elementor-button-link elementor-size-sm\" href=\"#elementor-action%3Aaction%3Dpopup%3Aopen%26settings%3DeyJpZCI6IjcxOTYiLCJ0b2dnbGUiOmZhbHNlfQ%3D%3D\">\n\t\t\t\t\t\t<span class=\"elementor-button-content-wrapper\">\n\t\t\t\t\t\t\t\t\t<span class=\"elementor-button-text\">Scamorza affumicata<\/span>\n\t\t\t\t\t<\/span>\n\t\t\t\t\t<\/a>\n\t\t\t\t<\/div>\n\t\t\t\t\t\t\t\t<\/div>\n\t\t\t\t<\/div>\n\t\t\t\t\t<\/div>\n\t\t<\/div>\n\t\t\t\t<div class=\"elementor-column elementor-col-25 elementor-top-column elementor-element elementor-element-b7d53b8\" data-id=\"b7d53b8\" data-element_type=\"column\" data-e-type=\"column\" data-settings=\"{&quot;background_background&quot;:&quot;classic&quot;}\">\n\t\t\t<div class=\"elementor-widget-wrap elementor-element-populated\">\n\t\t\t\t\t<div class=\"elementor-background-overlay\"><\/div>\n\t\t\t\t\t\t<div class=\"elementor-element elementor-element-7a3f09d elementor-widget elementor-widget-image\" data-id=\"7a3f09d\" data-element_type=\"widget\" data-e-type=\"widget\" data-widget_type=\"image.default\">\n\t\t\t\t<div class=\"elementor-widget-container\">\n\t\t\t\t\t\t\t\t\t\t\t\t\t\t\t\t<a href=\"#elementor-action%3Aaction%3Dpopup%3Aopen%26settings%3DeyJpZCI6IjcxOTIiLCJ0b2dnbGUiOmZhbHNlfQ%3D%3D\">\n\t\t\t\t\t\t\t<img decoding=\"async\" width=\"403\" height=\"429\" src=\"https:\/\/www.corteparma.it\/wp-content\/uploads\/2024\/03\/immagine-scamorza-dolce-corte-parma.png\" class=\"attachment-large size-large wp-image-5768\" alt=\"\" srcset=\"https:\/\/www.corteparma.it\/wp-content\/uploads\/2024\/03\/immagine-scamorza-dolce-corte-parma.png 403w, https:\/\/www.corteparma.it\/wp-content\/uploads\/2024\/03\/immagine-scamorza-dolce-corte-parma-282x300.png 282w\" sizes=\"(max-width: 403px) 100vw, 403px\" \/>\t\t\t\t\t\t\t\t<\/a>\n\t\t\t\t\t\t\t\t\t\t\t\t\t\t\t<\/div>\n\t\t\t\t<\/div>\n\t\t\t\t<div class=\"elementor-element elementor-element-00b71a0 elementor-align-center elementor-widget elementor-widget-button\" data-id=\"00b71a0\" data-element_type=\"widget\" data-e-type=\"widget\" data-widget_type=\"button.default\">\n\t\t\t\t<div class=\"elementor-widget-container\">\n\t\t\t\t\t\t\t\t\t<div class=\"elementor-button-wrapper\">\n\t\t\t\t\t<a class=\"elementor-button elementor-button-link elementor-size-sm\" href=\"#elementor-action%3Aaction%3Dpopup%3Aopen%26settings%3DeyJpZCI6IjcxOTIiLCJ0b2dnbGUiOmZhbHNlfQ%3D%3D\">\n\t\t\t\t\t\t<span class=\"elementor-button-content-wrapper\">\n\t\t\t\t\t\t\t\t\t<span class=\"elementor-button-text\">Scamorza dolce<\/span>\n\t\t\t\t\t<\/span>\n\t\t\t\t\t<\/a>\n\t\t\t\t<\/div>\n\t\t\t\t\t\t\t\t<\/div>\n\t\t\t\t<\/div>\n\t\t\t\t\t<\/div>\n\t\t<\/div>\n\t\t\t\t<div class=\"elementor-column elementor-col-25 elementor-top-column elementor-element elementor-element-2310980\" data-id=\"2310980\" data-element_type=\"column\" data-e-type=\"column\" data-settings=\"{&quot;background_background&quot;:&quot;classic&quot;}\">\n\t\t\t<div class=\"elementor-widget-wrap elementor-element-populated\">\n\t\t\t\t\t<div class=\"elementor-background-overlay\"><\/div>\n\t\t\t\t\t\t<div class=\"elementor-element elementor-element-0a98d84 elementor-widget elementor-widget-image\" data-id=\"0a98d84\" data-element_type=\"widget\" data-e-type=\"widget\" data-widget_type=\"image.default\">\n\t\t\t\t<div class=\"elementor-widget-container\">\n\t\t\t\t\t\t\t\t\t\t\t\t\t\t\t\t<a href=\"#elementor-action%3Aaction%3Dpopup%3Aopen%26settings%3DeyJpZCI6IjcxODgiLCJ0b2dnbGUiOmZhbHNlfQ%3D%3D\">\n\t\t\t\t\t\t\t<img decoding=\"async\" width=\"403\" height=\"429\" src=\"https:\/\/www.corteparma.it\/wp-content\/uploads\/2024\/03\/immagine-fontal-corte-parma.png\" class=\"attachment-large size-large wp-image-5770\" alt=\"\" srcset=\"https:\/\/www.corteparma.it\/wp-content\/uploads\/2024\/03\/immagine-fontal-corte-parma.png 403w, https:\/\/www.corteparma.it\/wp-content\/uploads\/2024\/03\/immagine-fontal-corte-parma-282x300.png 282w\" sizes=\"(max-width: 403px) 100vw, 403px\" \/>\t\t\t\t\t\t\t\t<\/a>\n\t\t\t\t\t\t\t\t\t\t\t\t\t\t\t<\/div>\n\t\t\t\t<\/div>\n\t\t\t\t<div class=\"elementor-element elementor-element-aa4de67 elementor-align-center elementor-widget elementor-widget-button\" data-id=\"aa4de67\" data-element_type=\"widget\" data-e-type=\"widget\" data-widget_type=\"button.default\">\n\t\t\t\t<div class=\"elementor-widget-container\">\n\t\t\t\t\t\t\t\t\t<div class=\"elementor-button-wrapper\">\n\t\t\t\t\t<a class=\"elementor-button elementor-button-link elementor-size-sm\" href=\"#elementor-action%3Aaction%3Dpopup%3Aopen%26settings%3DeyJpZCI6IjcxODgiLCJ0b2dnbGUiOmZhbHNlfQ%3D%3D\">\n\t\t\t\t\t\t<span class=\"elementor-button-content-wrapper\">\n\t\t\t\t\t\t\t\t\t<span class=\"elementor-button-text\">Fontal<\/span>\n\t\t\t\t\t<\/span>\n\t\t\t\t\t<\/a>\n\t\t\t\t<\/div>\n\t\t\t\t\t\t\t\t<\/div>\n\t\t\t\t<\/div>\n\t\t\t\t\t<\/div>\n\t\t<\/div>\n\t\t\t\t<div class=\"elementor-column elementor-col-25 elementor-top-column elementor-element elementor-element-6e45ec5\" data-id=\"6e45ec5\" data-element_type=\"column\" data-e-type=\"column\" data-settings=\"{&quot;background_background&quot;:&quot;classic&quot;}\">\n\t\t\t<div class=\"elementor-widget-wrap elementor-element-populated\">\n\t\t\t\t\t<div class=\"elementor-background-overlay\"><\/div>\n\t\t\t\t\t\t<div class=\"elementor-element elementor-element-f01c80b elementor-widget elementor-widget-image\" data-id=\"f01c80b\" data-element_type=\"widget\" data-e-type=\"widget\" data-widget_type=\"image.default\">\n\t\t\t\t<div class=\"elementor-widget-container\">\n\t\t\t\t\t\t\t\t\t\t\t\t\t\t\t\t<a href=\"#elementor-action%3Aaction%3Dpopup%3Aopen%26settings%3DeyJpZCI6IjcxODQiLCJ0b2dnbGUiOmZhbHNlfQ%3D%3D\">\n\t\t\t\t\t\t\t<img loading=\"lazy\" decoding=\"async\" width=\"403\" height=\"429\" src=\"https:\/\/www.corteparma.it\/wp-content\/uploads\/2024\/03\/immagine-altopiano-corte-parma.png\" class=\"attachment-large size-large wp-image-5769\" alt=\"\" srcset=\"https:\/\/www.corteparma.it\/wp-content\/uploads\/2024\/03\/immagine-altopiano-corte-parma.png 403w, https:\/\/www.corteparma.it\/wp-content\/uploads\/2024\/03\/immagine-altopiano-corte-parma-282x300.png 282w\" sizes=\"(max-width: 403px) 100vw, 403px\" \/>\t\t\t\t\t\t\t\t<\/a>\n\t\t\t\t\t\t\t\t\t\t\t\t\t\t\t<\/div>\n\t\t\t\t<\/div>\n\t\t\t\t<div class=\"elementor-element elementor-element-6c5c75a elementor-align-center elementor-widget elementor-widget-button\" data-id=\"6c5c75a\" data-element_type=\"widget\" data-e-type=\"widget\" data-widget_type=\"button.default\">\n\t\t\t\t<div class=\"elementor-widget-container\">\n\t\t\t\t\t\t\t\t\t<div class=\"elementor-button-wrapper\">\n\t\t\t\t\t<a class=\"elementor-button elementor-button-link elementor-size-sm\" href=\"#elementor-action%3Aaction%3Dpopup%3Aopen%26settings%3DeyJpZCI6IjcxODQiLCJ0b2dnbGUiOmZhbHNlfQ%3D%3D\">\n\t\t\t\t\t\t<span class=\"elementor-button-content-wrapper\">\n\t\t\t\t\t\t\t\t\t<span class=\"elementor-button-text\">Altopiano<\/span>\n\t\t\t\t\t<\/span>\n\t\t\t\t\t<\/a>\n\t\t\t\t<\/div>\n\t\t\t\t\t\t\t\t<\/div>\n\t\t\t\t<\/div>\n\t\t\t\t\t<\/div>\n\t\t<\/div>\n\t\t\t\t\t<\/div>\n\t\t<\/section>\n\t\t\t\t<section class=\"elementor-section elementor-top-section elementor-element elementor-element-e68b651 elementor-section-stretched elementor-hidden-mobile elementor-section-boxed elementor-section-height-default elementor-section-height-default\" data-id=\"e68b651\" data-element_type=\"section\" data-e-type=\"section\" data-settings=\"{&quot;stretch_section&quot;:&quot;section-stretched&quot;,&quot;background_background&quot;:&quot;gradient&quot;}\">\n\t\t\t\t\t\t<div class=\"elementor-container elementor-column-gap-default\">\n\t\t\t\t\t<div class=\"elementor-column elementor-col-100 elementor-top-column elementor-element elementor-element-a7579e4\" data-id=\"a7579e4\" data-element_type=\"column\" data-e-type=\"column\">\n\t\t\t<div class=\"elementor-widget-wrap elementor-element-populated\">\n\t\t\t\t\t\t<div class=\"elementor-element elementor-element-46a6328 elementor-nav-menu--dropdown-none elementor-widget__width-auto elementor-widget elementor-widget-nav-menu\" data-id=\"46a6328\" data-element_type=\"widget\" data-e-type=\"widget\" data-settings=\"{&quot;layout&quot;:&quot;horizontal&quot;,&quot;submenu_icon&quot;:{&quot;value&quot;:&quot;&lt;i class=\\&quot;fas fa-caret-down\\&quot; aria-hidden=\\&quot;true\\&quot;&gt;&lt;\\\/i&gt;&quot;,&quot;library&quot;:&quot;fa-solid&quot;}}\" data-widget_type=\"nav-menu.default\">\n\t\t\t\t<div class=\"elementor-widget-container\">\n\t\t\t\t\t\t\t\t<nav aria-label=\"Menu\" class=\"elementor-nav-menu--main elementor-nav-menu__container elementor-nav-menu--layout-horizontal e--pointer-none\">\n\t\t\t\t<ul id=\"menu-1-46a6328\" class=\"elementor-nav-menu\"><li class=\"menu-item menu-item-type-custom menu-item-object-custom menu-item-5676\"><a target=\"_blank\" href=\"https:\/\/amoretti.eu\/it\/home\" class=\"elementor-item\">Amoretti<\/a><\/li>\n<li class=\"menu-item menu-item-type-post_type menu-item-object-page menu-item-5701\"><a href=\"https:\/\/www.corteparma.it\/i-nostri-aperitivi\/\" class=\"elementor-item\">Ap\u00e9ritifs<\/a><\/li>\n<li class=\"menu-item menu-item-type-post_type menu-item-object-page menu-item-5703\"><a href=\"https:\/\/www.corteparma.it\/i-nostri-salumi\/\" class=\"elementor-item\">Charcuterie<\/a><\/li>\n<li class=\"menu-item menu-item-type-post_type menu-item-object-page menu-item-5702\"><a href=\"https:\/\/www.corteparma.it\/i-nostri-formaggi\/\" class=\"elementor-item\">Fromage<\/a><\/li>\n<\/ul>\t\t\t<\/nav>\n\t\t\t\t\t\t<nav class=\"elementor-nav-menu--dropdown elementor-nav-menu__container\" aria-hidden=\"true\">\n\t\t\t\t<ul id=\"menu-2-46a6328\" class=\"elementor-nav-menu\"><li class=\"menu-item menu-item-type-custom menu-item-object-custom menu-item-5676\"><a target=\"_blank\" href=\"https:\/\/amoretti.eu\/it\/home\" class=\"elementor-item\" tabindex=\"-1\">Amoretti<\/a><\/li>\n<li class=\"menu-item menu-item-type-post_type menu-item-object-page menu-item-5701\"><a href=\"https:\/\/www.corteparma.it\/i-nostri-aperitivi\/\" class=\"elementor-item\" tabindex=\"-1\">Ap\u00e9ritifs<\/a><\/li>\n<li class=\"menu-item menu-item-type-post_type menu-item-object-page menu-item-5703\"><a href=\"https:\/\/www.corteparma.it\/i-nostri-salumi\/\" class=\"elementor-item\" tabindex=\"-1\">Charcuterie<\/a><\/li>\n<li class=\"menu-item menu-item-type-post_type menu-item-object-page menu-item-5702\"><a href=\"https:\/\/www.corteparma.it\/i-nostri-formaggi\/\" class=\"elementor-item\" tabindex=\"-1\">Fromage<\/a><\/li>\n<\/ul>\t\t\t<\/nav>\n\t\t\t\t\t\t<\/div>\n\t\t\t\t<\/div>\n\t\t\t\t\t<\/div>\n\t\t<\/div>\n\t\t\t\t\t<\/div>\n\t\t<\/section>\n\t\t\t\t<\/div>\n\t\t","protected":false},"excerpt":{"rendered":"<p>Fromage CORTE PARMA Les fromages ne peuvent jamais manquer dans le r\u00e9frig\u00e9rateur des Italiens : polyvalents et savoureux, ils repr\u00e9sentent un monde de go\u00fbts, d&rsquo;odeurs, de textures et de formes diff\u00e9rents, un v\u00e9ritable univers dans lequel il est souvent difficile de choisir celui que l&rsquo;on pr\u00e9f\u00e8re. Nous avons s\u00e9lectionn\u00e9 les meilleurs fromages de la tradition &#8230; <a title=\"Fromage\" class=\"read-more\" href=\"https:\/\/www.corteparma.it\/fr\/fromage\/\" aria-label=\"En savoir plus sur Fromage\">Lire la suite<\/a><\/p>\n","protected":false},"author":1,"featured_media":0,"parent":0,"menu_order":0,"comment_status":"closed","ping_status":"closed","template":"","meta":{"footnotes":""},"class_list":["post-7926","page","type-page","status-publish"],"yoast_head":"<!-- This site is optimized with the Yoast SEO plugin v27.4 - https:\/\/yoast.com\/product\/yoast-seo-wordpress\/ -->\n<title>Corte Parma - Fromage<\/title>\n<meta name=\"robots\" content=\"index, follow, max-snippet:-1, max-image-preview:large, max-video-preview:-1\" \/>\n<link rel=\"canonical\" href=\"https:\/\/www.corteparma.it\/fr\/fromage\/\" \/>\n<meta property=\"og:locale\" content=\"fr_FR\" \/>\n<meta property=\"og:type\" content=\"article\" \/>\n<meta property=\"og:title\" content=\"Corte Parma - Fromage\" \/>\n<meta property=\"og:description\" content=\"Fromage CORTE PARMA Les fromages ne peuvent jamais manquer dans le r\u00e9frig\u00e9rateur des Italiens : polyvalents et savoureux, ils repr\u00e9sentent un monde de go\u00fbts, d&rsquo;odeurs, de textures et de formes diff\u00e9rents, un v\u00e9ritable univers dans lequel il est souvent difficile de choisir celui que l&rsquo;on pr\u00e9f\u00e8re. Nous avons s\u00e9lectionn\u00e9 les meilleurs fromages de la tradition ... Lire la suite\" \/>\n<meta property=\"og:url\" content=\"https:\/\/www.corteparma.it\/fr\/fromage\/\" \/>\n<meta property=\"og:site_name\" content=\"Corte Parma\" \/>\n<meta property=\"article:modified_time\" content=\"2024-11-22T11:23:11+00:00\" \/>\n<meta property=\"og:image\" content=\"https:\/\/www.corteparma.it\/wp-content\/uploads\/2024\/03\/immagine-scamorza-affumicata-corte-parma.png\" \/>\n\t<meta property=\"og:image:width\" content=\"403\" \/>\n\t<meta property=\"og:image:height\" content=\"429\" \/>\n\t<meta property=\"og:image:type\" content=\"image\/png\" \/>\n<meta name=\"twitter:card\" content=\"summary_large_image\" \/>\n<script type=\"application\/ld+json\" class=\"yoast-schema-graph\">{\"@context\":\"https:\\\/\\\/schema.org\",\"@graph\":[{\"@type\":\"WebPage\",\"@id\":\"https:\\\/\\\/www.corteparma.it\\\/fr\\\/fromage\\\/\",\"url\":\"https:\\\/\\\/www.corteparma.it\\\/fr\\\/fromage\\\/\",\"name\":\"Corte Parma - Fromage\",\"isPartOf\":{\"@id\":\"https:\\\/\\\/www.corteparma.it\\\/#website\"},\"primaryImageOfPage\":{\"@id\":\"https:\\\/\\\/www.corteparma.it\\\/fr\\\/fromage\\\/#primaryimage\"},\"image\":{\"@id\":\"https:\\\/\\\/www.corteparma.it\\\/fr\\\/fromage\\\/#primaryimage\"},\"thumbnailUrl\":\"https:\\\/\\\/www.corteparma.it\\\/wp-content\\\/uploads\\\/2024\\\/03\\\/immagine-scamorza-affumicata-corte-parma.png\",\"datePublished\":\"2024-03-05T15:32:42+00:00\",\"dateModified\":\"2024-11-22T11:23:11+00:00\",\"breadcrumb\":{\"@id\":\"https:\\\/\\\/www.corteparma.it\\\/fr\\\/fromage\\\/#breadcrumb\"},\"inLanguage\":\"fr-FR\",\"potentialAction\":[{\"@type\":\"ReadAction\",\"target\":[\"https:\\\/\\\/www.corteparma.it\\\/fr\\\/fromage\\\/\"]}]},{\"@type\":\"ImageObject\",\"inLanguage\":\"fr-FR\",\"@id\":\"https:\\\/\\\/www.corteparma.it\\\/fr\\\/fromage\\\/#primaryimage\",\"url\":\"https:\\\/\\\/www.corteparma.it\\\/wp-content\\\/uploads\\\/2024\\\/03\\\/immagine-scamorza-affumicata-corte-parma.png\",\"contentUrl\":\"https:\\\/\\\/www.corteparma.it\\\/wp-content\\\/uploads\\\/2024\\\/03\\\/immagine-scamorza-affumicata-corte-parma.png\"},{\"@type\":\"BreadcrumbList\",\"@id\":\"https:\\\/\\\/www.corteparma.it\\\/fr\\\/fromage\\\/#breadcrumb\",\"itemListElement\":[{\"@type\":\"ListItem\",\"position\":1,\"name\":\"Home\",\"item\":\"https:\\\/\\\/www.corteparma.it\\\/\"},{\"@type\":\"ListItem\",\"position\":2,\"name\":\"Fromage\"}]},{\"@type\":\"WebSite\",\"@id\":\"https:\\\/\\\/www.corteparma.it\\\/#website\",\"url\":\"https:\\\/\\\/www.corteparma.it\\\/\",\"name\":\"Corte Parma\",\"description\":\"\",\"potentialAction\":[{\"@type\":\"SearchAction\",\"target\":{\"@type\":\"EntryPoint\",\"urlTemplate\":\"https:\\\/\\\/www.corteparma.it\\\/?s={search_term_string}\"},\"query-input\":{\"@type\":\"PropertyValueSpecification\",\"valueRequired\":true,\"valueName\":\"search_term_string\"}}],\"inLanguage\":\"fr-FR\"}]}<\/script>\n<!-- \/ Yoast SEO plugin. -->","yoast_head_json":{"title":"Corte Parma - Fromage","robots":{"index":"index","follow":"follow","max-snippet":"max-snippet:-1","max-image-preview":"max-image-preview:large","max-video-preview":"max-video-preview:-1"},"canonical":"https:\/\/www.corteparma.it\/fr\/fromage\/","og_locale":"fr_FR","og_type":"article","og_title":"Corte Parma - Fromage","og_description":"Fromage CORTE PARMA Les fromages ne peuvent jamais manquer dans le r\u00e9frig\u00e9rateur des Italiens : polyvalents et savoureux, ils repr\u00e9sentent un monde de go\u00fbts, d&rsquo;odeurs, de textures et de formes diff\u00e9rents, un v\u00e9ritable univers dans lequel il est souvent difficile de choisir celui que l&rsquo;on pr\u00e9f\u00e8re. Nous avons s\u00e9lectionn\u00e9 les meilleurs fromages de la tradition ... Lire la suite","og_url":"https:\/\/www.corteparma.it\/fr\/fromage\/","og_site_name":"Corte Parma","article_modified_time":"2024-11-22T11:23:11+00:00","og_image":[{"width":403,"height":429,"url":"https:\/\/www.corteparma.it\/wp-content\/uploads\/2024\/03\/immagine-scamorza-affumicata-corte-parma.png","type":"image\/png"}],"twitter_card":"summary_large_image","schema":{"@context":"https:\/\/schema.org","@graph":[{"@type":"WebPage","@id":"https:\/\/www.corteparma.it\/fr\/fromage\/","url":"https:\/\/www.corteparma.it\/fr\/fromage\/","name":"Corte Parma - Fromage","isPartOf":{"@id":"https:\/\/www.corteparma.it\/#website"},"primaryImageOfPage":{"@id":"https:\/\/www.corteparma.it\/fr\/fromage\/#primaryimage"},"image":{"@id":"https:\/\/www.corteparma.it\/fr\/fromage\/#primaryimage"},"thumbnailUrl":"https:\/\/www.corteparma.it\/wp-content\/uploads\/2024\/03\/immagine-scamorza-affumicata-corte-parma.png","datePublished":"2024-03-05T15:32:42+00:00","dateModified":"2024-11-22T11:23:11+00:00","breadcrumb":{"@id":"https:\/\/www.corteparma.it\/fr\/fromage\/#breadcrumb"},"inLanguage":"fr-FR","potentialAction":[{"@type":"ReadAction","target":["https:\/\/www.corteparma.it\/fr\/fromage\/"]}]},{"@type":"ImageObject","inLanguage":"fr-FR","@id":"https:\/\/www.corteparma.it\/fr\/fromage\/#primaryimage","url":"https:\/\/www.corteparma.it\/wp-content\/uploads\/2024\/03\/immagine-scamorza-affumicata-corte-parma.png","contentUrl":"https:\/\/www.corteparma.it\/wp-content\/uploads\/2024\/03\/immagine-scamorza-affumicata-corte-parma.png"},{"@type":"BreadcrumbList","@id":"https:\/\/www.corteparma.it\/fr\/fromage\/#breadcrumb","itemListElement":[{"@type":"ListItem","position":1,"name":"Home","item":"https:\/\/www.corteparma.it\/"},{"@type":"ListItem","position":2,"name":"Fromage"}]},{"@type":"WebSite","@id":"https:\/\/www.corteparma.it\/#website","url":"https:\/\/www.corteparma.it\/","name":"Corte Parma","description":"","potentialAction":[{"@type":"SearchAction","target":{"@type":"EntryPoint","urlTemplate":"https:\/\/www.corteparma.it\/?s={search_term_string}"},"query-input":{"@type":"PropertyValueSpecification","valueRequired":true,"valueName":"search_term_string"}}],"inLanguage":"fr-FR"}]}},"_links":{"self":[{"href":"https:\/\/www.corteparma.it\/fr\/wp-json\/wp\/v2\/pages\/7926","targetHints":{"allow":["GET"]}}],"collection":[{"href":"https:\/\/www.corteparma.it\/fr\/wp-json\/wp\/v2\/pages"}],"about":[{"href":"https:\/\/www.corteparma.it\/fr\/wp-json\/wp\/v2\/types\/page"}],"author":[{"embeddable":true,"href":"https:\/\/www.corteparma.it\/fr\/wp-json\/wp\/v2\/users\/1"}],"replies":[{"embeddable":true,"href":"https:\/\/www.corteparma.it\/fr\/wp-json\/wp\/v2\/comments?post=7926"}],"version-history":[{"count":1,"href":"https:\/\/www.corteparma.it\/fr\/wp-json\/wp\/v2\/pages\/7926\/revisions"}],"predecessor-version":[{"id":7931,"href":"https:\/\/www.corteparma.it\/fr\/wp-json\/wp\/v2\/pages\/7926\/revisions\/7931"}],"wp:attachment":[{"href":"https:\/\/www.corteparma.it\/fr\/wp-json\/wp\/v2\/media?parent=7926"}],"curies":[{"name":"wp","href":"https:\/\/api.w.org\/{rel}","templated":true}]}}