{"id":7900,"date":"2024-03-05T17:33:13","date_gmt":"2024-03-05T15:33:13","guid":{"rendered":"https:\/\/www.corteparma.it\/aperitifs\/"},"modified":"2025-02-18T18:40:06","modified_gmt":"2025-02-18T16:40:06","slug":"aperitifs","status":"publish","type":"page","link":"https:\/\/www.corteparma.it\/fr\/aperitifs\/","title":{"rendered":"Ap\u00e9ritifs"},"content":{"rendered":"\t\t<div data-elementor-type=\"wp-page\" data-elementor-id=\"7900\" class=\"elementor elementor-7900\" data-elementor-post-type=\"page\">\n\t\t\t\t\t\t<section class=\"elementor-section elementor-top-section elementor-element elementor-element-ccf12e6 elementor-section-height-min-height elementor-section-stretched elementor-section-content-middle elementor-section-boxed elementor-section-height-default elementor-section-items-middle elementor-invisible\" data-id=\"ccf12e6\" data-element_type=\"section\" data-e-type=\"section\" data-settings=\"{&quot;stretch_section&quot;:&quot;section-stretched&quot;,&quot;background_background&quot;:&quot;classic&quot;,&quot;animation&quot;:&quot;fadeIn&quot;,&quot;animation_delay&quot;:150}\">\n\t\t\t\t\t\t\t<div class=\"elementor-background-overlay\"><\/div>\n\t\t\t\t\t\t\t<div class=\"elementor-container elementor-column-gap-default\">\n\t\t\t\t\t<div class=\"elementor-column elementor-col-100 elementor-top-column elementor-element elementor-element-389d3ff\" data-id=\"389d3ff\" data-element_type=\"column\" data-e-type=\"column\">\n\t\t\t<div class=\"elementor-widget-wrap elementor-element-populated\">\n\t\t\t\t\t\t<div class=\"elementor-element elementor-element-c3d6f6a elementor-widget__width-initial elementor-widget elementor-widget-text-editor\" data-id=\"c3d6f6a\" data-element_type=\"widget\" data-e-type=\"widget\" data-widget_type=\"text-editor.default\">\n\t\t\t\t<div class=\"elementor-widget-container\">\n\t\t\t\t\t\t\t\t\t<p>Ap\u00e9ritifs CORTE PARMA<\/p>\n\t\t\t\t\t\t\t\t<\/div>\n\t\t\t\t<\/div>\n\t\t\t\t\t<\/div>\n\t\t<\/div>\n\t\t\t\t\t<\/div>\n\t\t<\/section>\n\t\t\t\t<section class=\"elementor-section elementor-top-section elementor-element elementor-element-7763704 elementor-section-content-middle elementor-section-boxed elementor-section-height-default elementor-section-height-default\" data-id=\"7763704\" data-element_type=\"section\" data-e-type=\"section\">\n\t\t\t\t\t\t<div class=\"elementor-container elementor-column-gap-default\">\n\t\t\t\t\t<div class=\"elementor-column elementor-col-100 elementor-top-column elementor-element elementor-element-efe3023\" data-id=\"efe3023\" data-element_type=\"column\" data-e-type=\"column\">\n\t\t\t<div class=\"elementor-widget-wrap elementor-element-populated\">\n\t\t\t\t\t\t<div class=\"elementor-element elementor-element-5902b43 elementor-widget__width-initial elementor-widget elementor-widget-text-editor\" data-id=\"5902b43\" data-element_type=\"widget\" data-e-type=\"widget\" data-widget_type=\"text-editor.default\">\n\t\t\t\t<div class=\"elementor-widget-container\">\n\t\t\t\t\t\t\t\t\t<p>Seul ou en compagnie, sur le canap\u00e9 en regardant le match ou \u00e0 table en discutant avec la famille, l&rsquo;<strong>ap\u00e9ritif est un moment de d\u00e9tente<\/strong>. Nos ap\u00e9ritifs sont con\u00e7us pour vous donner le go\u00fbt ultime de ces moments de partage et de plaisir. <strong>Fra\u00eechement tranch\u00e9s et dispos\u00e9s \u00e0 la main<\/strong>, associ\u00e9s \u00e0 d&rsquo;autres produits savoureux, ils peuvent \u00e9galement constituer un repas rapide. Les compartiments s\u00e9par\u00e9s et scell\u00e9s individuellement pr\u00e9servent la fra\u00eecheur de chaque produit. <strong>Vous pouvez apporter ces plateaux pratiques directement sur la table et les utiliser comme un plat<\/strong>.  <\/p>\n\t\t\t\t\t\t\t\t<\/div>\n\t\t\t\t<\/div>\n\t\t\t\t\t<\/div>\n\t\t<\/div>\n\t\t\t\t\t<\/div>\n\t\t<\/section>\n\t\t\t\t<section class=\"elementor-section elementor-top-section elementor-element elementor-element-15773e3 elementor-section-stretched elementor-section-boxed elementor-section-height-default elementor-section-height-default\" data-id=\"15773e3\" data-element_type=\"section\" data-e-type=\"section\" data-settings=\"{&quot;stretch_section&quot;:&quot;section-stretched&quot;,&quot;background_background&quot;:&quot;classic&quot;}\">\n\t\t\t\t\t\t<div class=\"elementor-container elementor-column-gap-default\">\n\t\t\t\t\t<div class=\"elementor-column elementor-col-50 elementor-top-column elementor-element elementor-element-78557a1\" data-id=\"78557a1\" data-element_type=\"column\" data-e-type=\"column\" data-settings=\"{&quot;background_background&quot;:&quot;classic&quot;}\">\n\t\t\t<div class=\"elementor-widget-wrap elementor-element-populated\">\n\t\t\t\t\t<div class=\"elementor-background-overlay\"><\/div>\n\t\t\t\t\t\t<div class=\"elementor-element elementor-element-fc26a52 elementor-widget elementor-widget-image\" data-id=\"fc26a52\" data-element_type=\"widget\" data-e-type=\"widget\" data-widget_type=\"image.default\">\n\t\t\t\t<div class=\"elementor-widget-container\">\n\t\t\t\t\t\t\t\t\t\t\t\t\t\t\t\t<a href=\"#\">\n\t\t\t\t\t\t\t<img fetchpriority=\"high\" decoding=\"async\" width=\"430\" height=\"430\" src=\"https:\/\/www.corteparma.it\/wp-content\/uploads\/2024\/04\/immagine-aperitivi-corte-parma.png\" class=\"attachment-large size-large wp-image-6301\" alt=\"\" srcset=\"https:\/\/www.corteparma.it\/wp-content\/uploads\/2024\/04\/immagine-aperitivi-corte-parma.png 430w, https:\/\/www.corteparma.it\/wp-content\/uploads\/2024\/04\/immagine-aperitivi-corte-parma-300x300.png 300w, https:\/\/www.corteparma.it\/wp-content\/uploads\/2024\/04\/immagine-aperitivi-corte-parma-150x150.png 150w\" sizes=\"(max-width: 430px) 100vw, 430px\" \/>\t\t\t\t\t\t\t\t<\/a>\n\t\t\t\t\t\t\t\t\t\t\t\t\t\t\t<\/div>\n\t\t\t\t<\/div>\n\t\t\t\t<div class=\"elementor-element elementor-element-7e10744 elementor-align-center elementor-widget elementor-widget-button\" data-id=\"7e10744\" data-element_type=\"widget\" data-e-type=\"widget\" data-widget_type=\"button.default\">\n\t\t\t\t<div class=\"elementor-widget-container\">\n\t\t\t\t\t\t\t\t\t<div class=\"elementor-button-wrapper\">\n\t\t\t\t\t<a class=\"elementor-button elementor-button-link elementor-size-sm\" href=\"#\">\n\t\t\t\t\t\t<span class=\"elementor-button-content-wrapper\">\n\t\t\t\t\t\t\t\t\t<span class=\"elementor-button-text\">Ap\u00e9ritifs<\/span>\n\t\t\t\t\t<\/span>\n\t\t\t\t\t<\/a>\n\t\t\t\t<\/div>\n\t\t\t\t\t\t\t\t<\/div>\n\t\t\t\t<\/div>\n\t\t\t\t<div class=\"elementor-element elementor-element-c7ff866 elementor-align-center elementor-widget elementor-widget-button\" data-id=\"c7ff866\" data-element_type=\"widget\" data-e-type=\"widget\" data-widget_type=\"button.default\">\n\t\t\t\t<div class=\"elementor-widget-container\">\n\t\t\t\t\t\t\t\t\t<div class=\"elementor-button-wrapper\">\n\t\t\t\t\t<a class=\"elementor-button elementor-button-link elementor-size-sm\" href=\"http:\/\/www.corteparma.it\/i-nostri-aperitivi\/aperitivi\/\">\n\t\t\t\t\t\t<span class=\"elementor-button-content-wrapper\">\n\t\t\t\t\t\t\t\t\t<span class=\"elementor-button-text\">D\u00e9couvrir la gamme<\/span>\n\t\t\t\t\t<\/span>\n\t\t\t\t\t<\/a>\n\t\t\t\t<\/div>\n\t\t\t\t\t\t\t\t<\/div>\n\t\t\t\t<\/div>\n\t\t\t\t\t<\/div>\n\t\t<\/div>\n\t\t\t\t<div class=\"elementor-column elementor-col-50 elementor-top-column elementor-element elementor-element-87c7445\" data-id=\"87c7445\" data-element_type=\"column\" data-e-type=\"column\" data-settings=\"{&quot;background_background&quot;:&quot;classic&quot;}\">\n\t\t\t<div class=\"elementor-widget-wrap elementor-element-populated\">\n\t\t\t\t\t<div class=\"elementor-background-overlay\"><\/div>\n\t\t\t\t\t\t<div class=\"elementor-element elementor-element-26b161b elementor-widget elementor-widget-image\" data-id=\"26b161b\" data-element_type=\"widget\" data-e-type=\"widget\" data-widget_type=\"image.default\">\n\t\t\t\t<div class=\"elementor-widget-container\">\n\t\t\t\t\t\t\t\t\t\t\t\t\t\t\t\t<a href=\"#\">\n\t\t\t\t\t\t\t<img decoding=\"async\" width=\"430\" height=\"430\" src=\"https:\/\/www.corteparma.it\/wp-content\/uploads\/2024\/04\/immagine-antipasti-corte-parma.png\" class=\"attachment-large size-large wp-image-6312\" alt=\"\" srcset=\"https:\/\/www.corteparma.it\/wp-content\/uploads\/2024\/04\/immagine-antipasti-corte-parma.png 430w, https:\/\/www.corteparma.it\/wp-content\/uploads\/2024\/04\/immagine-antipasti-corte-parma-300x300.png 300w, https:\/\/www.corteparma.it\/wp-content\/uploads\/2024\/04\/immagine-antipasti-corte-parma-150x150.png 150w\" sizes=\"(max-width: 430px) 100vw, 430px\" \/>\t\t\t\t\t\t\t\t<\/a>\n\t\t\t\t\t\t\t\t\t\t\t\t\t\t\t<\/div>\n\t\t\t\t<\/div>\n\t\t\t\t<div class=\"elementor-element elementor-element-cac5980 elementor-align-center elementor-widget elementor-widget-button\" data-id=\"cac5980\" data-element_type=\"widget\" data-e-type=\"widget\" data-widget_type=\"button.default\">\n\t\t\t\t<div class=\"elementor-widget-container\">\n\t\t\t\t\t\t\t\t\t<div class=\"elementor-button-wrapper\">\n\t\t\t\t\t<a class=\"elementor-button elementor-button-link elementor-size-sm\" href=\"#\">\n\t\t\t\t\t\t<span class=\"elementor-button-content-wrapper\">\n\t\t\t\t\t\t\t\t\t<span class=\"elementor-button-text\">Entr\u00e9es<\/span>\n\t\t\t\t\t<\/span>\n\t\t\t\t\t<\/a>\n\t\t\t\t<\/div>\n\t\t\t\t\t\t\t\t<\/div>\n\t\t\t\t<\/div>\n\t\t\t\t<div class=\"elementor-element elementor-element-538df4e elementor-align-center elementor-widget elementor-widget-button\" data-id=\"538df4e\" data-element_type=\"widget\" data-e-type=\"widget\" data-widget_type=\"button.default\">\n\t\t\t\t<div class=\"elementor-widget-container\">\n\t\t\t\t\t\t\t\t\t<div class=\"elementor-button-wrapper\">\n\t\t\t\t\t<a class=\"elementor-button elementor-button-link elementor-size-sm\" href=\"http:\/\/www.corteparma.it\/i-nostri-aperitivi\/antipasti\/\">\n\t\t\t\t\t\t<span class=\"elementor-button-content-wrapper\">\n\t\t\t\t\t\t\t\t\t<span class=\"elementor-button-text\">D\u00e9couvrir la gamme<\/span>\n\t\t\t\t\t<\/span>\n\t\t\t\t\t<\/a>\n\t\t\t\t<\/div>\n\t\t\t\t\t\t\t\t<\/div>\n\t\t\t\t<\/div>\n\t\t\t\t\t<\/div>\n\t\t<\/div>\n\t\t\t\t\t<\/div>\n\t\t<\/section>\n\t\t\t\t<section class=\"elementor-section elementor-top-section elementor-element elementor-element-1771396 elementor-section-stretched elementor-hidden-mobile elementor-section-boxed elementor-section-height-default elementor-section-height-default\" data-id=\"1771396\" data-element_type=\"section\" data-e-type=\"section\" data-settings=\"{&quot;stretch_section&quot;:&quot;section-stretched&quot;,&quot;background_background&quot;:&quot;gradient&quot;}\">\n\t\t\t\t\t\t<div class=\"elementor-container elementor-column-gap-default\">\n\t\t\t\t\t<div class=\"elementor-column elementor-col-100 elementor-top-column elementor-element elementor-element-4b4b600\" data-id=\"4b4b600\" data-element_type=\"column\" data-e-type=\"column\">\n\t\t\t<div class=\"elementor-widget-wrap elementor-element-populated\">\n\t\t\t\t\t\t<div class=\"elementor-element elementor-element-e0d9789 elementor-nav-menu--dropdown-none elementor-widget__width-auto elementor-widget elementor-widget-nav-menu\" data-id=\"e0d9789\" data-element_type=\"widget\" data-e-type=\"widget\" data-settings=\"{&quot;layout&quot;:&quot;horizontal&quot;,&quot;submenu_icon&quot;:{&quot;value&quot;:&quot;&lt;i class=\\&quot;fas fa-caret-down\\&quot; aria-hidden=\\&quot;true\\&quot;&gt;&lt;\\\/i&gt;&quot;,&quot;library&quot;:&quot;fa-solid&quot;}}\" data-widget_type=\"nav-menu.default\">\n\t\t\t\t<div class=\"elementor-widget-container\">\n\t\t\t\t\t\t\t\t<nav aria-label=\"Menu\" class=\"elementor-nav-menu--main elementor-nav-menu__container elementor-nav-menu--layout-horizontal e--pointer-none\">\n\t\t\t\t<ul id=\"menu-1-e0d9789\" class=\"elementor-nav-menu\"><li class=\"menu-item menu-item-type-custom menu-item-object-custom menu-item-5676\"><a target=\"_blank\" href=\"https:\/\/amoretti.eu\/it\/home\" class=\"elementor-item\">Amoretti<\/a><\/li>\n<li class=\"menu-item menu-item-type-post_type menu-item-object-page menu-item-5701\"><a href=\"https:\/\/www.corteparma.it\/i-nostri-aperitivi\/\" class=\"elementor-item\">Ap\u00e9ritifs<\/a><\/li>\n<li class=\"menu-item menu-item-type-post_type menu-item-object-page menu-item-5703\"><a href=\"https:\/\/www.corteparma.it\/i-nostri-salumi\/\" class=\"elementor-item\">Charcuterie<\/a><\/li>\n<li class=\"menu-item menu-item-type-post_type menu-item-object-page menu-item-5702\"><a href=\"https:\/\/www.corteparma.it\/i-nostri-formaggi\/\" class=\"elementor-item\">Fromage<\/a><\/li>\n<\/ul>\t\t\t<\/nav>\n\t\t\t\t\t\t<nav class=\"elementor-nav-menu--dropdown elementor-nav-menu__container\" aria-hidden=\"true\">\n\t\t\t\t<ul id=\"menu-2-e0d9789\" class=\"elementor-nav-menu\"><li class=\"menu-item menu-item-type-custom menu-item-object-custom menu-item-5676\"><a target=\"_blank\" href=\"https:\/\/amoretti.eu\/it\/home\" class=\"elementor-item\" tabindex=\"-1\">Amoretti<\/a><\/li>\n<li class=\"menu-item menu-item-type-post_type menu-item-object-page menu-item-5701\"><a href=\"https:\/\/www.corteparma.it\/i-nostri-aperitivi\/\" class=\"elementor-item\" tabindex=\"-1\">Ap\u00e9ritifs<\/a><\/li>\n<li class=\"menu-item menu-item-type-post_type menu-item-object-page menu-item-5703\"><a href=\"https:\/\/www.corteparma.it\/i-nostri-salumi\/\" class=\"elementor-item\" tabindex=\"-1\">Charcuterie<\/a><\/li>\n<li class=\"menu-item menu-item-type-post_type menu-item-object-page menu-item-5702\"><a href=\"https:\/\/www.corteparma.it\/i-nostri-formaggi\/\" class=\"elementor-item\" tabindex=\"-1\">Fromage<\/a><\/li>\n<\/ul>\t\t\t<\/nav>\n\t\t\t\t\t\t<\/div>\n\t\t\t\t<\/div>\n\t\t\t\t\t<\/div>\n\t\t<\/div>\n\t\t\t\t\t<\/div>\n\t\t<\/section>\n\t\t\t\t<\/div>\n\t\t","protected":false},"excerpt":{"rendered":"<p>Ap\u00e9ritifs CORTE PARMA Seul ou en compagnie, sur le canap\u00e9 en regardant le match ou \u00e0 table en discutant avec la famille, l&rsquo;ap\u00e9ritif est un moment de d\u00e9tente. Nos ap\u00e9ritifs sont con\u00e7us pour vous donner le go\u00fbt ultime de ces moments de partage et de plaisir. Fra\u00eechement tranch\u00e9s et dispos\u00e9s \u00e0 la main, associ\u00e9s \u00e0 &#8230; <a title=\"Ap\u00e9ritifs\" class=\"read-more\" href=\"https:\/\/www.corteparma.it\/fr\/aperitifs\/\" aria-label=\"En savoir plus sur Ap\u00e9ritifs\">Lire la suite<\/a><\/p>\n","protected":false},"author":1,"featured_media":0,"parent":0,"menu_order":0,"comment_status":"closed","ping_status":"closed","template":"","meta":{"footnotes":""},"class_list":["post-7900","page","type-page","status-publish"],"yoast_head":"<!-- This site is optimized with the Yoast SEO plugin v27.4 - https:\/\/yoast.com\/product\/yoast-seo-wordpress\/ -->\n<title>Corte Parma - Ap\u00e9ritifs<\/title>\n<meta name=\"robots\" content=\"index, follow, max-snippet:-1, max-image-preview:large, max-video-preview:-1\" \/>\n<link rel=\"canonical\" href=\"https:\/\/www.corteparma.it\/i-nostri-aperitivi\/\" \/>\n<meta property=\"og:locale\" content=\"fr_FR\" \/>\n<meta property=\"og:type\" content=\"article\" \/>\n<meta property=\"og:title\" content=\"Corte Parma - Ap\u00e9ritifs\" \/>\n<meta property=\"og:description\" content=\"Ap\u00e9ritifs CORTE PARMA Seul ou en compagnie, sur le canap\u00e9 en regardant le match ou \u00e0 table en discutant avec la famille, l&rsquo;ap\u00e9ritif est un moment de d\u00e9tente. Nos ap\u00e9ritifs sont con\u00e7us pour vous donner le go\u00fbt ultime de ces moments de partage et de plaisir. Fra\u00eechement tranch\u00e9s et dispos\u00e9s \u00e0 la main, associ\u00e9s \u00e0 ... Lire la suite\" \/>\n<meta property=\"og:url\" content=\"https:\/\/www.corteparma.it\/i-nostri-aperitivi\/\" \/>\n<meta property=\"og:site_name\" content=\"Corte Parma\" \/>\n<meta property=\"article:modified_time\" content=\"2025-02-18T16:40:06+00:00\" \/>\n<meta property=\"og:image\" content=\"https:\/\/www.corteparma.it\/wp-content\/uploads\/2024\/04\/immagine-aperitivi-corte-parma.png\" \/>\n\t<meta property=\"og:image:width\" content=\"430\" \/>\n\t<meta property=\"og:image:height\" content=\"430\" \/>\n\t<meta property=\"og:image:type\" content=\"image\/png\" \/>\n<meta name=\"twitter:card\" content=\"summary_large_image\" \/>\n<meta name=\"twitter:label1\" content=\"Dur\u00e9e de lecture estim\u00e9e\" \/>\n\t<meta name=\"twitter:data1\" content=\"1 minute\" \/>\n<script type=\"application\/ld+json\" class=\"yoast-schema-graph\">{\"@context\":\"https:\\\/\\\/schema.org\",\"@graph\":[{\"@type\":\"WebPage\",\"@id\":\"https:\\\/\\\/www.corteparma.it\\\/i-nostri-aperitivi\\\/\",\"url\":\"https:\\\/\\\/www.corteparma.it\\\/i-nostri-aperitivi\\\/\",\"name\":\"Corte Parma - Ap\u00e9ritifs\",\"isPartOf\":{\"@id\":\"https:\\\/\\\/www.corteparma.it\\\/#website\"},\"primaryImageOfPage\":{\"@id\":\"https:\\\/\\\/www.corteparma.it\\\/i-nostri-aperitivi\\\/#primaryimage\"},\"image\":{\"@id\":\"https:\\\/\\\/www.corteparma.it\\\/i-nostri-aperitivi\\\/#primaryimage\"},\"thumbnailUrl\":\"https:\\\/\\\/www.corteparma.it\\\/wp-content\\\/uploads\\\/2024\\\/04\\\/immagine-aperitivi-corte-parma.png\",\"datePublished\":\"2024-03-05T15:33:13+00:00\",\"dateModified\":\"2025-02-18T16:40:06+00:00\",\"breadcrumb\":{\"@id\":\"https:\\\/\\\/www.corteparma.it\\\/i-nostri-aperitivi\\\/#breadcrumb\"},\"inLanguage\":\"fr-FR\",\"potentialAction\":[{\"@type\":\"ReadAction\",\"target\":[\"https:\\\/\\\/www.corteparma.it\\\/i-nostri-aperitivi\\\/\"]}]},{\"@type\":\"ImageObject\",\"inLanguage\":\"fr-FR\",\"@id\":\"https:\\\/\\\/www.corteparma.it\\\/i-nostri-aperitivi\\\/#primaryimage\",\"url\":\"https:\\\/\\\/www.corteparma.it\\\/wp-content\\\/uploads\\\/2024\\\/04\\\/immagine-aperitivi-corte-parma.png\",\"contentUrl\":\"https:\\\/\\\/www.corteparma.it\\\/wp-content\\\/uploads\\\/2024\\\/04\\\/immagine-aperitivi-corte-parma.png\"},{\"@type\":\"BreadcrumbList\",\"@id\":\"https:\\\/\\\/www.corteparma.it\\\/i-nostri-aperitivi\\\/#breadcrumb\",\"itemListElement\":[{\"@type\":\"ListItem\",\"position\":1,\"name\":\"Home\",\"item\":\"https:\\\/\\\/www.corteparma.it\\\/\"},{\"@type\":\"ListItem\",\"position\":2,\"name\":\"Ap\u00e9ritifs\"}]},{\"@type\":\"WebSite\",\"@id\":\"https:\\\/\\\/www.corteparma.it\\\/#website\",\"url\":\"https:\\\/\\\/www.corteparma.it\\\/\",\"name\":\"Corte Parma\",\"description\":\"\",\"potentialAction\":[{\"@type\":\"SearchAction\",\"target\":{\"@type\":\"EntryPoint\",\"urlTemplate\":\"https:\\\/\\\/www.corteparma.it\\\/?s={search_term_string}\"},\"query-input\":{\"@type\":\"PropertyValueSpecification\",\"valueRequired\":true,\"valueName\":\"search_term_string\"}}],\"inLanguage\":\"fr-FR\"}]}<\/script>\n<!-- \/ Yoast SEO plugin. -->","yoast_head_json":{"title":"Corte Parma - Ap\u00e9ritifs","robots":{"index":"index","follow":"follow","max-snippet":"max-snippet:-1","max-image-preview":"max-image-preview:large","max-video-preview":"max-video-preview:-1"},"canonical":"https:\/\/www.corteparma.it\/i-nostri-aperitivi\/","og_locale":"fr_FR","og_type":"article","og_title":"Corte Parma - Ap\u00e9ritifs","og_description":"Ap\u00e9ritifs CORTE PARMA Seul ou en compagnie, sur le canap\u00e9 en regardant le match ou \u00e0 table en discutant avec la famille, l&rsquo;ap\u00e9ritif est un moment de d\u00e9tente. Nos ap\u00e9ritifs sont con\u00e7us pour vous donner le go\u00fbt ultime de ces moments de partage et de plaisir. Fra\u00eechement tranch\u00e9s et dispos\u00e9s \u00e0 la main, associ\u00e9s \u00e0 ... Lire la suite","og_url":"https:\/\/www.corteparma.it\/i-nostri-aperitivi\/","og_site_name":"Corte Parma","article_modified_time":"2025-02-18T16:40:06+00:00","og_image":[{"width":430,"height":430,"url":"https:\/\/www.corteparma.it\/wp-content\/uploads\/2024\/04\/immagine-aperitivi-corte-parma.png","type":"image\/png"}],"twitter_card":"summary_large_image","twitter_misc":{"Dur\u00e9e de lecture estim\u00e9e":"1 minute"},"schema":{"@context":"https:\/\/schema.org","@graph":[{"@type":"WebPage","@id":"https:\/\/www.corteparma.it\/i-nostri-aperitivi\/","url":"https:\/\/www.corteparma.it\/i-nostri-aperitivi\/","name":"Corte Parma - Ap\u00e9ritifs","isPartOf":{"@id":"https:\/\/www.corteparma.it\/#website"},"primaryImageOfPage":{"@id":"https:\/\/www.corteparma.it\/i-nostri-aperitivi\/#primaryimage"},"image":{"@id":"https:\/\/www.corteparma.it\/i-nostri-aperitivi\/#primaryimage"},"thumbnailUrl":"https:\/\/www.corteparma.it\/wp-content\/uploads\/2024\/04\/immagine-aperitivi-corte-parma.png","datePublished":"2024-03-05T15:33:13+00:00","dateModified":"2025-02-18T16:40:06+00:00","breadcrumb":{"@id":"https:\/\/www.corteparma.it\/i-nostri-aperitivi\/#breadcrumb"},"inLanguage":"fr-FR","potentialAction":[{"@type":"ReadAction","target":["https:\/\/www.corteparma.it\/i-nostri-aperitivi\/"]}]},{"@type":"ImageObject","inLanguage":"fr-FR","@id":"https:\/\/www.corteparma.it\/i-nostri-aperitivi\/#primaryimage","url":"https:\/\/www.corteparma.it\/wp-content\/uploads\/2024\/04\/immagine-aperitivi-corte-parma.png","contentUrl":"https:\/\/www.corteparma.it\/wp-content\/uploads\/2024\/04\/immagine-aperitivi-corte-parma.png"},{"@type":"BreadcrumbList","@id":"https:\/\/www.corteparma.it\/i-nostri-aperitivi\/#breadcrumb","itemListElement":[{"@type":"ListItem","position":1,"name":"Home","item":"https:\/\/www.corteparma.it\/"},{"@type":"ListItem","position":2,"name":"Ap\u00e9ritifs"}]},{"@type":"WebSite","@id":"https:\/\/www.corteparma.it\/#website","url":"https:\/\/www.corteparma.it\/","name":"Corte Parma","description":"","potentialAction":[{"@type":"SearchAction","target":{"@type":"EntryPoint","urlTemplate":"https:\/\/www.corteparma.it\/?s={search_term_string}"},"query-input":{"@type":"PropertyValueSpecification","valueRequired":true,"valueName":"search_term_string"}}],"inLanguage":"fr-FR"}]}},"_links":{"self":[{"href":"https:\/\/www.corteparma.it\/fr\/wp-json\/wp\/v2\/pages\/7900","targetHints":{"allow":["GET"]}}],"collection":[{"href":"https:\/\/www.corteparma.it\/fr\/wp-json\/wp\/v2\/pages"}],"about":[{"href":"https:\/\/www.corteparma.it\/fr\/wp-json\/wp\/v2\/types\/page"}],"author":[{"embeddable":true,"href":"https:\/\/www.corteparma.it\/fr\/wp-json\/wp\/v2\/users\/1"}],"replies":[{"embeddable":true,"href":"https:\/\/www.corteparma.it\/fr\/wp-json\/wp\/v2\/comments?post=7900"}],"version-history":[{"count":2,"href":"https:\/\/www.corteparma.it\/fr\/wp-json\/wp\/v2\/pages\/7900\/revisions"}],"predecessor-version":[{"id":8218,"href":"https:\/\/www.corteparma.it\/fr\/wp-json\/wp\/v2\/pages\/7900\/revisions\/8218"}],"wp:attachment":[{"href":"https:\/\/www.corteparma.it\/fr\/wp-json\/wp\/v2\/media?parent=7900"}],"curies":[{"name":"wp","href":"https:\/\/api.w.org\/{rel}","templated":true}]}}